{"id":194,"date":"2025-03-13T11:17:25","date_gmt":"2025-03-13T10:17:25","guid":{"rendered":"https:\/\/comm-1-mariage.com\/faire-part-numerique\/?page_id=194"},"modified":"2025-03-13T13:59:04","modified_gmt":"2025-03-13T12:59:04","slug":"rsvp","status":"publish","type":"page","link":"https:\/\/comm-1-mariage.com\/faire-part-numerique\/rsvp\/","title":{"rendered":"RSVP"},"content":{"rendered":"\t\t<div data-elementor-type=\"wp-page\" data-elementor-id=\"194\" class=\"elementor elementor-194\">\n\t\t\t\t\t\t<section class=\"elementor-section elementor-top-section elementor-element elementor-element-33d3c51 elementor-section-height-min-height elementor-section-boxed elementor-section-height-default elementor-section-items-middle\" data-id=\"33d3c51\" data-element_type=\"section\" data-settings=\"{&quot;background_background&quot;:&quot;classic&quot;}\">\n\t\t\t\t\t\t\t<div class=\"elementor-background-overlay\"><\/div>\n\t\t\t\t\t\t\t<div class=\"elementor-container elementor-column-gap-default\">\n\t\t\t\t\t<div class=\"elementor-column elementor-col-100 elementor-top-column elementor-element elementor-element-120d2a33\" data-id=\"120d2a33\" data-element_type=\"column\">\n\t\t\t<div class=\"elementor-widget-wrap elementor-element-populated\">\n\t\t\t\t\t\t<div class=\"elementor-element elementor-element-3863c675 elementor-widget elementor-widget-elementskit-heading\" data-id=\"3863c675\" data-element_type=\"widget\" data-widget_type=\"elementskit-heading.default\">\n\t\t\t\t<div class=\"elementor-widget-container\">\n\t\t\t\t\t<div class=\"ekit-wid-con\" ><div class=\"ekit-heading elementskit-section-title-wraper text_center   ekit_heading_tablet-   ekit_heading_mobile-\"><h2 class=\"ekit-heading--title elementskit-section-title \">Confirmez votre pr\u00e9sence<\/h2><\/div><\/div>\t\t\t\t<\/div>\n\t\t\t\t<\/div>\n\t\t\t\t\t<\/div>\n\t\t<\/div>\n\t\t\t\t\t<\/div>\n\t\t<\/section>\n\t\t\t\t<section class=\"elementor-section elementor-top-section elementor-element elementor-element-bef989b elementor-section-boxed elementor-section-height-default elementor-section-height-default\" data-id=\"bef989b\" data-element_type=\"section\" data-settings=\"{&quot;background_background&quot;:&quot;classic&quot;}\">\n\t\t\t\t\t\t<div class=\"elementor-container elementor-column-gap-default\">\n\t\t\t\t\t<div class=\"elementor-column elementor-col-100 elementor-top-column elementor-element elementor-element-7f9b0ce3\" data-id=\"7f9b0ce3\" data-element_type=\"column\">\n\t\t\t<div class=\"elementor-widget-wrap elementor-element-populated\">\n\t\t\t\t\t\t<div class=\"elementor-element elementor-element-3f81c6b elementor-widget elementor-widget-text-editor\" data-id=\"3f81c6b\" data-element_type=\"widget\" data-widget_type=\"text-editor.default\">\n\t\t\t\t<div class=\"elementor-widget-container\">\n\t\t\t\t\t\t\t\t\t<p data-start=\"236\" data-end=\"525\">Le grand jour approche, et nous serions ravis de partager ce moment magique avec vous ! Merci de prendre quelques instants pour remplir ce formulaire et nous indiquer votre pr\u00e9sence. Cela nous aidera \u00e0 organiser cette journ\u00e9e au mieux et \u00e0 vous accueillir dans les meilleures conditions.<\/p><p data-start=\"527\" data-end=\"574\">\ud83d\udca1 <strong data-start=\"530\" data-end=\"572\">Date limite de r\u00e9ponse : 1er juin 2027<\/strong><\/p>\t\t\t\t\t\t\t\t<\/div>\n\t\t\t\t<\/div>\n\t\t\t\t<div class=\"elementor-element elementor-element-0e6250e elementor-widget elementor-widget-shortcode\" data-id=\"0e6250e\" data-element_type=\"widget\" data-widget_type=\"shortcode.default\">\n\t\t\t\t<div class=\"elementor-widget-container\">\n\t\t\t\t\t\t\t<div class=\"elementor-shortcode\"><div class=\"forminator-ui forminator-custom-form forminator-custom-form-271 forminator-design--material  forminator_ajax\" data-forminator-render=\"0\" data-form=\"forminator-module-271\" data-uid=\"69d583379ebf2\"><br\/><\/div><form\n\t\t\t\tid=\"forminator-module-271\"\n\t\t\t\tclass=\"forminator-ui forminator-custom-form forminator-custom-form-271 forminator-design--material  forminator_ajax\"\n\t\t\t\tmethod=\"post\"\n\t\t\t\tdata-forminator-render=\"0\"\n\t\t\t\tdata-form-id=\"271\"\n\t\t\t\t\n\t\t\t\tdata-design=\"material\"\n\t\t\t\t\n\t\t\t\t\n\t\t\t\t\n\t\t\t\tdata-grid=\"open\"\n\t\t\t\t\n\t\t\t\t\n\t\t\t\tstyle=\"display: none;\"\n\t\t\t\t\n\t\t\t\tdata-uid=\"69d583379ebf2\"\n\t\t\t><div role=\"alert\" aria-live=\"polite\" class=\"forminator-response-message forminator-error\" aria-hidden=\"true\"><\/div><div class=\"forminator-row\"><div id=\"name-1\" class=\"forminator-field-name forminator-col forminator-col-6 \"><div class=\"forminator-field\"><label for=\"forminator-field-name-1_69d583379ebf2\" id=\"forminator-field-name-1_69d583379ebf2-label\" class=\"forminator-label\">Nom<\/label><input type=\"text\" name=\"name-1\" value=\"\" placeholder=\"Nom\" id=\"forminator-field-name-1_69d583379ebf2\" class=\"forminator-input forminator-name--field\" aria-required=\"false\" \/><\/div><\/div><div id=\"name-2\" class=\"forminator-field-name forminator-col forminator-col-6 \"><div class=\"forminator-field\"><label for=\"forminator-field-name-2_69d583379ebf2\" id=\"forminator-field-name-2_69d583379ebf2-label\" class=\"forminator-label\">Pr\u00e9nom<\/label><input type=\"text\" name=\"name-2\" value=\"\" placeholder=\"Pr\u00e9nom\" id=\"forminator-field-name-2_69d583379ebf2\" class=\"forminator-input forminator-name--field\" aria-required=\"false\" \/><\/div><\/div><\/div><div class=\"forminator-row\"><div id=\"phone-1\" class=\"forminator-field-phone forminator-col forminator-col-12 \"><div class=\"forminator-field\"><label for=\"forminator-field-phone-1_69d583379ebf2\" id=\"forminator-field-phone-1_69d583379ebf2-label\" class=\"forminator-label\">T\u00e9l\u00e9phone<\/label><input type=\"text\" name=\"phone-1\" value=\"\" placeholder=\"T\u00e9l\u00e9phone\" id=\"forminator-field-phone-1_69d583379ebf2\" class=\"forminator-input forminator-field--phone\" data-required=\"\" aria-required=\"false\" autocomplete=\"off\" \/><\/div><\/div><\/div><div class=\"forminator-row\"><div id=\"number-1\" class=\"forminator-field-number forminator-col forminator-col-6 \"><div class=\"forminator-field\"><label for=\"forminator-field-number-1_69d583379ebf2\" id=\"forminator-field-number-1_69d583379ebf2-label\" class=\"forminator-label\">Nombre d&#039;adulte.s<\/label><input name=\"number-1\" value=\"1\" placeholder=\"\" id=\"forminator-field-number-1_69d583379ebf2\" class=\"forminator-input forminator-number--field\" inputmode=\"decimal\" data-required=\"\" data-decimals=\"0\" aria-required=\"false\" data-inputmask=\"&#039;groupSeparator&#039;: &#039;&#039;, &#039;radixPoint&#039;: &#039;&#039;, &#039;digits&#039;: &#039;0&#039;\" data-hidden-behavior=\"zero\" type=\"number\" step=\"any\" min=\"1\" max=\"10\" \/><\/div><\/div><div id=\"number-2\" class=\"forminator-field-number forminator-col forminator-col-6 \"><div class=\"forminator-field\"><label for=\"forminator-field-number-2_69d583379ebf2\" id=\"forminator-field-number-2_69d583379ebf2-label\" class=\"forminator-label\">Nombre d&#039;enfant.s<\/label><input name=\"number-2\" value=\"0\" placeholder=\"\" id=\"forminator-field-number-2_69d583379ebf2\" class=\"forminator-input forminator-number--field\" inputmode=\"decimal\" data-required=\"\" data-decimals=\"0\" aria-required=\"false\" data-inputmask=\"&#039;groupSeparator&#039;: &#039;&#039;, &#039;radixPoint&#039;: &#039;&#039;, &#039;digits&#039;: &#039;0&#039;\" data-hidden-behavior=\"zero\" type=\"number\" step=\"any\" min=\"0\" max=\"10\" \/><\/div><\/div><\/div><div class=\"forminator-row\"><div id=\"select-1\" class=\"forminator-field-select forminator-col forminator-col-6 \"><div class=\"forminator-field\"><label for=\"forminator-form-271__field--select-1_69d583379ebf2\" id=\"forminator-form-271__field--select-1_69d583379ebf2-label\" class=\"forminator-label\">Vin d&#039;honneur<\/label><select  id=\"forminator-form-271__field--select-1_69d583379ebf2\" class=\"forminator-select--field forminator-select2 forminator-select2-multiple\" data-required=\"\" name=\"select-1\" data-default-value=\"\" data-hidden-behavior=\"zero\" data-placeholder=\"\" data-search=\"false\" data-search-placeholder=\"\" data-checkbox=\"false\" data-allow-clear=\"false\" aria-labelledby=\"forminator-form-271__field--select-1_69d583379ebf2-label\"><option value=\"one\"  data-calculation=\"0\">Je viens avec plaisir<\/option><option value=\"two\"  data-calculation=\"0\">Je ne pourrai pas \u00eatre pr\u00e9sent.e<\/option><\/select><\/div><\/div><div id=\"select-2\" class=\"forminator-field-select forminator-col forminator-col-6 \"><div class=\"forminator-field\"><label for=\"forminator-form-271__field--select-2_69d583379ebf2\" id=\"forminator-form-271__field--select-2_69d583379ebf2-label\" class=\"forminator-label\">Repas<\/label><select  id=\"forminator-form-271__field--select-2_69d583379ebf2\" class=\"forminator-select--field forminator-select2 forminator-select2-multiple\" data-required=\"\" name=\"select-2\" data-default-value=\"\" data-hidden-behavior=\"zero\" data-placeholder=\"\" data-search=\"false\" data-search-placeholder=\"\" data-checkbox=\"false\" data-allow-clear=\"false\" aria-labelledby=\"forminator-form-271__field--select-2_69d583379ebf2-label\"><option value=\"one\"  data-calculation=\"0\">Oui, je serai pr\u00e9sent.e<\/option><option value=\"two\"  data-calculation=\"0\">Non, malheureusement<\/option><\/select><\/div><\/div><\/div><div class=\"forminator-row\"><div id=\"select-3\" class=\"forminator-field-select forminator-col forminator-col-6 \"><div class=\"forminator-field\"><label for=\"forminator-form-271__field--select-3_69d583379ebf2\" id=\"forminator-form-271__field--select-3_69d583379ebf2-label\" class=\"forminator-label\">Rebond du lendemain<\/label><select  id=\"forminator-form-271__field--select-3_69d583379ebf2\" class=\"forminator-select--field forminator-select2 forminator-select2-multiple\" data-required=\"\" name=\"select-3\" data-default-value=\"\" data-hidden-behavior=\"zero\" data-placeholder=\"\" data-search=\"false\" data-search-placeholder=\"\" data-checkbox=\"false\" data-allow-clear=\"false\" aria-labelledby=\"forminator-form-271__field--select-3_69d583379ebf2-label\"><option value=\"one\"  data-calculation=\"0\">Oui, je viens prolonger la f\u00eate !<\/option><option value=\"two\"  data-calculation=\"0\">Non, je ne pourrai pas rester<\/option><\/select><\/div><\/div><div id=\"checkbox-1\" class=\"forminator-field-checkbox forminator-col forminator-col-6 \"><div role=\"group\" class=\"forminator-field\" aria-labelledby=\"forminator-checkbox-group-69d583379ebf2-label\"><span id=\"forminator-checkbox-group-69d583379ebf2-label\" class=\"forminator-label\">Je souhaite r\u00e9server une chambre<\/span><label id=\"forminator-field-checkbox-1-1-69d583379ebf2-label\" for=\"forminator-field-checkbox-1-1-69d583379ebf2\" class=\"forminator-checkbox\" title=\"oui\"><input type=\"checkbox\" name=\"checkbox-1[]\" value=\"one\" id=\"forminator-field-checkbox-1-1-69d583379ebf2\" aria-labelledby=\"forminator-field-checkbox-1-1-69d583379ebf2-label\" data-calculation=\"0\"   data-hidden-behavior=\"zero\"\/><span class=\"forminator-checkbox-box\" aria-hidden=\"true\"><\/span><span class=\"forminator-checkbox-label\">oui<\/span><\/label><label id=\"forminator-field-checkbox-1-2-69d583379ebf2-label\" for=\"forminator-field-checkbox-1-2-69d583379ebf2\" class=\"forminator-checkbox\" title=\"non\"><input type=\"checkbox\" name=\"checkbox-1[]\" value=\"two\" id=\"forminator-field-checkbox-1-2-69d583379ebf2\" aria-labelledby=\"forminator-field-checkbox-1-2-69d583379ebf2-label\" data-calculation=\"0\"   data-hidden-behavior=\"zero\"\/><span class=\"forminator-checkbox-box\" aria-hidden=\"true\"><\/span><span class=\"forminator-checkbox-label\">non<\/span><\/label><\/div><\/div><\/div><input type=\"hidden\" name=\"referer_url\" value=\"\" \/><div class=\"forminator-row forminator-row-last\"><div class=\"forminator-col\"><div class=\"forminator-field\"><button class=\"forminator-button forminator-button-submit\"><span>Envoyer le message<\/span><span aria-hidden=\"true\"><\/span><\/button><\/div><\/div><\/div><input type=\"hidden\" id=\"forminator_nonce\" name=\"forminator_nonce\" value=\"a4c59f339d\" \/><input type=\"hidden\" name=\"_wp_http_referer\" value=\"\/faire-part-numerique\/wp-json\/wp\/v2\/pages\/194\" \/><input type=\"hidden\" name=\"form_id\" value=\"271\"><input type=\"hidden\" name=\"page_id\" value=\"194\"><input type=\"hidden\" name=\"form_type\" value=\"default\"><input type=\"hidden\" name=\"current_url\" value=\"https:\/\/comm-1-mariage.com\/faire-part-numerique\/rsvp\/\"><input type=\"hidden\" name=\"render_id\" value=\"0\"><input type=\"hidden\" name=\"action\" value=\"forminator_submit_form_custom-forms\"><\/form><\/div>\n\t\t\t\t\t\t<\/div>\n\t\t\t\t<\/div>\n\t\t\t\t\t<\/div>\n\t\t<\/div>\n\t\t\t\t\t<\/div>\n\t\t<\/section>\n\t\t\t\t<\/div>\n\t\t","protected":false},"excerpt":{"rendered":"<p>Confirmez votre pr\u00e9sence Le grand jour approche, et nous serions ravis de partager ce moment magique avec vous ! Merci de prendre quelques instants pour remplir ce formulaire et nous indiquer votre pr\u00e9sence. Cela nous aidera \u00e0 organiser cette journ\u00e9e au mieux et \u00e0 vous accueillir dans les meilleures conditions. \ud83d\udca1 Date limite de r\u00e9ponse : 1er juin 2027<\/p>\n","protected":false},"author":1,"featured_media":0,"parent":0,"menu_order":0,"comment_status":"closed","ping_status":"closed","template":"elementor_header_footer","meta":{"footnotes":""},"class_list":["post-194","page","type-page","status-publish","hentry"],"_links":{"self":[{"href":"https:\/\/comm-1-mariage.com\/faire-part-numerique\/wp-json\/wp\/v2\/pages\/194","targetHints":{"allow":["GET"]}}],"collection":[{"href":"https:\/\/comm-1-mariage.com\/faire-part-numerique\/wp-json\/wp\/v2\/pages"}],"about":[{"href":"https:\/\/comm-1-mariage.com\/faire-part-numerique\/wp-json\/wp\/v2\/types\/page"}],"author":[{"embeddable":true,"href":"https:\/\/comm-1-mariage.com\/faire-part-numerique\/wp-json\/wp\/v2\/users\/1"}],"replies":[{"embeddable":true,"href":"https:\/\/comm-1-mariage.com\/faire-part-numerique\/wp-json\/wp\/v2\/comments?post=194"}],"version-history":[{"count":7,"href":"https:\/\/comm-1-mariage.com\/faire-part-numerique\/wp-json\/wp\/v2\/pages\/194\/revisions"}],"predecessor-version":[{"id":274,"href":"https:\/\/comm-1-mariage.com\/faire-part-numerique\/wp-json\/wp\/v2\/pages\/194\/revisions\/274"}],"wp:attachment":[{"href":"https:\/\/comm-1-mariage.com\/faire-part-numerique\/wp-json\/wp\/v2\/media?parent=194"}],"curies":[{"name":"wp","href":"https:\/\/api.w.org\/{rel}","templated":true}]}}